{"id":319,"date":"2017-10-13T18:33:28","date_gmt":"2017-10-13T18:33:28","guid":{"rendered":"http:\/\/cordobabiketours.com\/?page_id=319"},"modified":"2021-09-06T16:17:19","modified_gmt":"2021-09-06T16:17:19","slug":"our-equipment","status":"publish","type":"page","link":"https:\/\/cordobabiketours.com\/es\/our-equipment\/","title":{"rendered":"EQUIPAMIENTO"},"content":{"rendered":"<p><img loading=\"lazy\" decoding=\"async\" class=\"size-full wp-image-627 aligncenter\" src=\"http:\/\/cordobabiketours.com\/wp-content\/uploads\/2017\/12\/venzo.jpg\" alt=\"\" width=\"398\" height=\"59\" srcset=\"https:\/\/cordobabiketours.com\/wp-content\/uploads\/2017\/12\/venzo.jpg 398w, https:\/\/cordobabiketours.com\/wp-content\/uploads\/2017\/12\/venzo-300x44.jpg 300w\" sizes=\"(max-width: 398px) 100vw, 398px\" \/><\/p>\n<p style=\"text-align: center;\">Trabajamos con bicicletas y\u00a0cascos de la mejor calidad provistos por\u00a0Venzo Bikes Argentina.<\/p>\n<p style=\"text-align: center;\">Sabemos lo importante que es tener el mejor\u00a0equipamiento para disfrutar el tour.<\/p>\n<p style=\"text-align: center;\">\n\t\t<!-- MasterSlider -->\n\t\t<div id=\"P_MS69ed054e47323\" class=\"master-slider-parent msl ms-parent-id-3\" style=\"max-width:900px;\">\n\n\t\t\t\n\t\t\t<!-- MasterSlider Main -->\n\t\t\t<div id=\"MS69ed054e47323\" class=\"master-slider ms-skin-default\" >\n\t\t\t\t \t\t\t\t \n\t\t\t\t<div  class=\"ms-slide\" data-delay=\"3\" data-fill-mode=\"fill\"  >\n\t\t\t\t\t<img decoding=\"async\" src=\"https:\/\/cordobabiketours.com\/wp-content\/plugins\/master-slider\/public\/assets\/css\/blank.gif\" alt=\"\" title=\"\" data-src=\"https:\/\/cordobabiketours.com\/wp-content\/uploads\/2017\/11\/Venzo-Raptor-01.jpg\" \/>\n\n\n\t<div class=\"ms-thumb\" ><div class=\"ms-tab-context\"><div class=&quot;ms-tab-context&quot;><\/div><\/div>\n<\/div>\n\t\t\t\t<\/div>\n\t\t\t\t<div  class=\"ms-slide\" data-delay=\"3\" data-fill-mode=\"fill\"  >\n\t\t\t\t\t<img decoding=\"async\" src=\"https:\/\/cordobabiketours.com\/wp-content\/plugins\/master-slider\/public\/assets\/css\/blank.gif\" alt=\"\" title=\"\" data-src=\"https:\/\/cordobabiketours.com\/wp-content\/uploads\/2017\/11\/Venzo-Raptor-02.jpg\" \/>\n\n\n\t<div class=\"ms-thumb\" ><div class=\"ms-tab-context\"><div class=&quot;ms-tab-context&quot;><\/div><\/div>\n<\/div>\n\t\t\t\t<\/div>\n\t\t\t\t<div  class=\"ms-slide\" data-delay=\"3\" data-fill-mode=\"fill\"  >\n\t\t\t\t\t<img decoding=\"async\" src=\"https:\/\/cordobabiketours.com\/wp-content\/plugins\/master-slider\/public\/assets\/css\/blank.gif\" alt=\"\" title=\"\" data-src=\"https:\/\/cordobabiketours.com\/wp-content\/uploads\/2017\/11\/Venzo-Raptor-03.jpg\" \/>\n\n\n\t<div class=\"ms-thumb\" ><div class=\"ms-tab-context\"><div class=&quot;ms-tab-context&quot;><\/div><\/div>\n<\/div>\n\t\t\t\t<\/div>\n\t\t\t\t<div  class=\"ms-slide\" data-delay=\"3\" data-fill-mode=\"fill\"  >\n\t\t\t\t\t<img decoding=\"async\" src=\"https:\/\/cordobabiketours.com\/wp-content\/plugins\/master-slider\/public\/assets\/css\/blank.gif\" alt=\"\" title=\"\" data-src=\"https:\/\/cordobabiketours.com\/wp-content\/uploads\/2017\/11\/Venzo-Raptor-04.jpg\" \/>\n\n\n\t<div class=\"ms-thumb\" ><div class=\"ms-tab-context\"><div class=&quot;ms-tab-context&quot;><\/div><\/div>\n<\/div>\n\t\t\t\t<\/div>\n\t\t\t\t<div  class=\"ms-slide\" data-delay=\"3\" data-fill-mode=\"fill\"  >\n\t\t\t\t\t<img decoding=\"async\" src=\"https:\/\/cordobabiketours.com\/wp-content\/plugins\/master-slider\/public\/assets\/css\/blank.gif\" alt=\"\" title=\"\" data-src=\"https:\/\/cordobabiketours.com\/wp-content\/uploads\/2017\/11\/Venzo-Tango-03.jpg\" \/>\n\n\n\t<div class=\"ms-thumb\" ><div class=\"ms-tab-context\"><div class=&quot;ms-tab-context&quot;><\/div><\/div>\n<\/div>\n\t\t\t\t<\/div>\n\n\t\t\t<\/div>\n\t\t\t<!-- END MasterSlider Main -->\n\n\t\t\t \n\t\t<\/div>\n\t\t<!-- END MasterSlider -->\n\n\t\t<script>\n\t\t(function ( $ ) {\n\t\t\t\"use strict\";\n\n\t\t\t$(function () {\n\t\t\t\tvar masterslider_7323 = new MasterSlider();\n\n\t\t\t\t\/\/ slider controls\n\t\t\t\tmasterslider_7323.control('arrows'     ,{ autohide:false, overVideo:true  });\t\t\t\tmasterslider_7323.control('bullets'    ,{ autohide:false, overVideo:true, dir:'h', align:'bottom' , margin:10  });\n\n\t\t\t\t\/\/ slider setup\n\t\t\t\tmasterslider_7323.setup(\"MS69ed054e47323\", {\n\t\t\t\t\t\twidth           : 900,\n\t\t\t\t\t\theight          : 500,\n\t\t\t\t\t\tminHeight       : 0,\n\t\t\t\t\t\tspace           : 0,\n\t\t\t\t\t\tstart           : 1,\n\t\t\t\t\t\tgrabCursor      : true,\n\t\t\t\t\t\tswipe           : true,\n\t\t\t\t\t\tmouse           : true,\n\t\t\t\t\t\tlayout          : \"boxed\",\n\t\t\t\t\t\twheel           : false,\n\t\t\t\t\t\tautoplay        : false,\n\t\t\t\t\t\tinstantStartLayers:false,\n\t\t\t\t\t\tloop            : false,\n\t\t\t\t\t\tshuffle         : false,\n\t\t\t\t\t\tpreload         : 0,\n\t\t\t\t\t\theightLimit     : true,\n\t\t\t\t\t\tautoHeight      : true,\n\t\t\t\t\t\tsmoothHeight    : true,\n\t\t\t\t\t\tendPause        : false,\n\t\t\t\t\t\toverPause       : true,\n\t\t\t\t\t\tfillMode        : \"fill\",\n\t\t\t\t\t\tcenterControls  : true,\n\t\t\t\t\t\tstartOnAppear   : false,\n\t\t\t\t\t\tlayersMode      : \"center\",\n\t\t\t\t\t\thideLayers      : false,\n\t\t\t\t\t\tfullscreenMargin: 0,\n\t\t\t\t\t\tspeed           : 20,\n\t\t\t\t\t\tdir             : \"h\",\n\t\t\t\t\t\tparallaxMode    : 'swipe',\n\t\t\t\t\t\tview            : \"basic\"\n\t\t\t\t});\n\n\t\t\t\t\n\t\t\t\twindow.masterslider_instances = window.masterslider_instances || [];\n\t\t\t\twindow.masterslider_instances.push( masterslider_7323 );\n\t\t\t });\n\n\t\t})(jQuery);\n\t\t<\/script>\n\n<\/p>\n<p style=\"text-align: center;\"><strong>Venzo Raptor r29<\/strong><br \/>\n&#8211; Cuadro Venzo Raptor aluminio 6061<br \/>\n&#8211;\u00a0 Horquilla SR Suntour con blockeo<br \/>\n-Transmisi\u00f3n Shimano 24 velocidades<br \/>\n&#8211; Freno a disco hidr\u00e1ulicos Shimano<br \/>\n&#8211;\u00a0 Aros doble pared Venzo Skywalker<br \/>\n&#8211;\u00a0 Cubiertas Kenda 29 x 2.10<br \/>\n&#8211; Asiento Venzo<br \/>\n&#8211; Pedales de aluminio.<\/p>\n<p style=\"text-align: center;\"><strong>Venzo Tango r27.5<\/strong><br \/>\n&#8211; Cuadro Venzo Tangoaluminio 7005<br \/>\n&#8211;\u00a0 Horquilla SR Suntour con blockeo<br \/>\n-Transmisi\u00f3n Shimano 24 velocidades<br \/>\n&#8211; Freno a disco hidr\u00e1ulicos Shimano<br \/>\n&#8211;\u00a0 Aros doble pared Venzo Skywalker<br \/>\n&#8211;\u00a0 Cubiertas Kenda 29 x 2.10<br \/>\n&#8211; Asiento Venzo<br \/>\n&#8211; Pedales de aluminio.<\/p>\n<h2>Transporte<\/h2>\n<p>Con la intenci\u00f3n de que el servicio sea de m\u00e1xima calidad contamos con un veh\u00edculo en condiciones \u00f3ptimas con capacidad para transportar c\u00f3modamente hasta 7 pasajeros.\u00a0Renault Kangoo 2015, equipado con aire acondicionado y las medidas de seguridad reglamentarias.<\/p>\n<p><img loading=\"lazy\" decoding=\"async\" class=\"aligncenter size-large wp-image-639\" src=\"http:\/\/cordobabiketours.com\/wp-content\/uploads\/2017\/12\/transporte-1024x768.jpg\" alt=\"\" width=\"640\" height=\"480\" srcset=\"https:\/\/cordobabiketours.com\/wp-content\/uploads\/2017\/12\/transporte-1024x768.jpg 1024w, https:\/\/cordobabiketours.com\/wp-content\/uploads\/2017\/12\/transporte-300x225.jpg 300w, https:\/\/cordobabiketours.com\/wp-content\/uploads\/2017\/12\/transporte-768x576.jpg 768w, https:\/\/cordobabiketours.com\/wp-content\/uploads\/2017\/12\/transporte-415x310.jpg 415w, https:\/\/cordobabiketours.com\/wp-content\/uploads\/2017\/12\/transporte.jpg 1280w\" sizes=\"(max-width: 640px) 100vw, 640px\" \/><\/p>","protected":false},"excerpt":{"rendered":"<p>Trabajamos con bicicletas y\u00a0cascos de la mejor calidad provistos por\u00a0Venzo Bikes Argentina. Sabemos lo importante que es tener el mejor\u00a0equipamiento para disfrutar el tour. Venzo Raptor r29 &#8211; Cuadro Venzo Raptor aluminio 6061 &#8211;\u00a0 Horquilla SR Suntour con blockeo -Transmisi\u00f3n Shimano 24 velocidades &#8211; Freno a disco hidr\u00e1ulicos Shimano &#8211;\u00a0 Aros doble pared Venzo Skywalker [&hellip;]<\/p>\n","protected":false},"author":1,"featured_media":0,"parent":0,"menu_order":0,"comment_status":"closed","ping_status":"closed","template":"","meta":{"footnotes":""},"class_list":["post-319","page","type-page","status-publish","hentry"],"yoast_head":"<!-- This site is optimized with the Yoast SEO plugin v16.8 - https:\/\/yoast.com\/wordpress\/plugins\/seo\/ -->\n<title>EQUIPAMIENTO - Cordoba Bike Tours<\/title>\n<meta name=\"robots\" content=\"index, follow, max-snippet:-1, max-image-preview:large, max-video-preview:-1\" \/>\n<link rel=\"canonical\" href=\"https:\/\/cordobabiketours.com\/es\/our-equipment\/\" \/>\n<meta property=\"og:locale\" content=\"es_ES\" \/>\n<meta property=\"og:type\" content=\"article\" \/>\n<meta property=\"og:title\" content=\"[:en]OUR EQUIPMENT[:es]EQUIPAMIENTO[:] - Cordoba Bike Tours\" \/>\n<meta property=\"og:description\" content=\"Trabajamos con bicicletas y\u00a0cascos de la mejor calidad provistos por\u00a0Venzo Bikes Argentina. Sabemos lo importante que es tener el mejor\u00a0equipamiento para disfrutar el tour. Venzo Raptor r29 &#8211; Cuadro Venzo Raptor aluminio 6061 &#8211;\u00a0 Horquilla SR Suntour con blockeo -Transmisi\u00f3n Shimano 24 velocidades &#8211; Freno a disco hidr\u00e1ulicos Shimano &#8211;\u00a0 Aros doble pared Venzo Skywalker [&hellip;]\" \/>\n<meta property=\"og:url\" content=\"https:\/\/cordobabiketours.com\/es\/our-equipment\/\" \/>\n<meta property=\"og:site_name\" content=\"Cordoba Bike Tours\" \/>\n<meta property=\"article:modified_time\" content=\"2021-09-06T16:17:19+00:00\" \/>\n<meta property=\"og:image\" content=\"http:\/\/cordobabiketours.com\/wp-content\/uploads\/2017\/12\/venzo.jpg\" \/>\n<meta name=\"twitter:card\" content=\"summary_large_image\" \/>\n<meta name=\"twitter:label1\" content=\"Tiempo de lectura\" \/>\n\t<meta name=\"twitter:data1\" content=\"2 minutos\" \/>\n<script type=\"application\/ld+json\" class=\"yoast-schema-graph\">{\"@context\":\"https:\/\/schema.org\",\"@graph\":[{\"@type\":\"WebSite\",\"@id\":\"https:\/\/cordobabiketours.com\/es\/#website\",\"url\":\"https:\/\/cordobabiketours.com\/es\/\",\"name\":\"Cordoba Bike Tours\",\"description\":\"\",\"potentialAction\":[{\"@type\":\"SearchAction\",\"target\":{\"@type\":\"EntryPoint\",\"urlTemplate\":\"https:\/\/cordobabiketours.com\/es\/?s={search_term_string}\"},\"query-input\":\"required name=search_term_string\"}],\"inLanguage\":\"es\"},{\"@type\":\"ImageObject\",\"@id\":\"https:\/\/cordobabiketours.com\/es\/our-equipment\/#primaryimage\",\"inLanguage\":\"es\",\"url\":\"http:\/\/cordobabiketours.com\/wp-content\/uploads\/2017\/12\/venzo.jpg\",\"contentUrl\":\"http:\/\/cordobabiketours.com\/wp-content\/uploads\/2017\/12\/venzo.jpg\"},{\"@type\":\"WebPage\",\"@id\":\"https:\/\/cordobabiketours.com\/es\/our-equipment\/#webpage\",\"url\":\"https:\/\/cordobabiketours.com\/es\/our-equipment\/\",\"name\":\"[:en]OUR EQUIPMENT[:es]EQUIPAMIENTO[:] - Cordoba Bike Tours\",\"isPartOf\":{\"@id\":\"https:\/\/cordobabiketours.com\/es\/#website\"},\"primaryImageOfPage\":{\"@id\":\"https:\/\/cordobabiketours.com\/es\/our-equipment\/#primaryimage\"},\"datePublished\":\"2017-10-13T18:33:28+00:00\",\"dateModified\":\"2021-09-06T16:17:19+00:00\",\"breadcrumb\":{\"@id\":\"https:\/\/cordobabiketours.com\/es\/our-equipment\/#breadcrumb\"},\"inLanguage\":\"es\",\"potentialAction\":[{\"@type\":\"ReadAction\",\"target\":[\"https:\/\/cordobabiketours.com\/es\/our-equipment\/\"]}]},{\"@type\":\"BreadcrumbList\",\"@id\":\"https:\/\/cordobabiketours.com\/es\/our-equipment\/#breadcrumb\",\"itemListElement\":[{\"@type\":\"ListItem\",\"position\":1,\"name\":\"Home\",\"item\":\"https:\/\/cordobabiketours.com\/es\/\"},{\"@type\":\"ListItem\",\"position\":2,\"name\":\"EQUIPAMIENTO\"}]}]}<\/script>\n<!-- \/ Yoast SEO plugin. -->","yoast_head_json":{"title":"[:en]OUR EQUIPMENT[:es]EQUIPAMIENTO[:] - Cordoba Bike Tours","robots":{"index":"index","follow":"follow","max-snippet":"max-snippet:-1","max-image-preview":"max-image-preview:large","max-video-preview":"max-video-preview:-1"},"canonical":"https:\/\/cordobabiketours.com\/es\/our-equipment\/","og_locale":"es_ES","og_type":"article","og_title":"[:en]OUR EQUIPMENT[:es]EQUIPAMIENTO[:] - Cordoba Bike Tours","og_description":"Trabajamos con bicicletas y\u00a0cascos de la mejor calidad provistos por\u00a0Venzo Bikes Argentina. Sabemos lo importante que es tener el mejor\u00a0equipamiento para disfrutar el tour. Venzo Raptor r29 &#8211; Cuadro Venzo Raptor aluminio 6061 &#8211;\u00a0 Horquilla SR Suntour con blockeo -Transmisi\u00f3n Shimano 24 velocidades &#8211; Freno a disco hidr\u00e1ulicos Shimano &#8211;\u00a0 Aros doble pared Venzo Skywalker [&hellip;]","og_url":"https:\/\/cordobabiketours.com\/es\/our-equipment\/","og_site_name":"Cordoba Bike Tours","article_modified_time":"2021-09-06T16:17:19+00:00","og_image":[{"url":"http:\/\/cordobabiketours.com\/wp-content\/uploads\/2017\/12\/venzo.jpg"}],"twitter_card":"summary_large_image","twitter_misc":{"Tiempo de lectura":"2 minutos"},"schema":{"@context":"https:\/\/schema.org","@graph":[{"@type":"WebSite","@id":"https:\/\/cordobabiketours.com\/es\/#website","url":"https:\/\/cordobabiketours.com\/es\/","name":"Cordoba Bike Tours","description":"","potentialAction":[{"@type":"SearchAction","target":{"@type":"EntryPoint","urlTemplate":"https:\/\/cordobabiketours.com\/es\/?s={search_term_string}"},"query-input":"required name=search_term_string"}],"inLanguage":"es"},{"@type":"ImageObject","@id":"https:\/\/cordobabiketours.com\/es\/our-equipment\/#primaryimage","inLanguage":"es","url":"http:\/\/cordobabiketours.com\/wp-content\/uploads\/2017\/12\/venzo.jpg","contentUrl":"http:\/\/cordobabiketours.com\/wp-content\/uploads\/2017\/12\/venzo.jpg"},{"@type":"WebPage","@id":"https:\/\/cordobabiketours.com\/es\/our-equipment\/#webpage","url":"https:\/\/cordobabiketours.com\/es\/our-equipment\/","name":"[:en]OUR EQUIPMENT[:es]EQUIPAMIENTO[:] - Cordoba Bike Tours","isPartOf":{"@id":"https:\/\/cordobabiketours.com\/es\/#website"},"primaryImageOfPage":{"@id":"https:\/\/cordobabiketours.com\/es\/our-equipment\/#primaryimage"},"datePublished":"2017-10-13T18:33:28+00:00","dateModified":"2021-09-06T16:17:19+00:00","breadcrumb":{"@id":"https:\/\/cordobabiketours.com\/es\/our-equipment\/#breadcrumb"},"inLanguage":"es","potentialAction":[{"@type":"ReadAction","target":["https:\/\/cordobabiketours.com\/es\/our-equipment\/"]}]},{"@type":"BreadcrumbList","@id":"https:\/\/cordobabiketours.com\/es\/our-equipment\/#breadcrumb","itemListElement":[{"@type":"ListItem","position":1,"name":"Home","item":"https:\/\/cordobabiketours.com\/es\/"},{"@type":"ListItem","position":2,"name":"EQUIPAMIENTO"}]}]}},"_links":{"self":[{"href":"https:\/\/cordobabiketours.com\/es\/wp-json\/wp\/v2\/pages\/319"}],"collection":[{"href":"https:\/\/cordobabiketours.com\/es\/wp-json\/wp\/v2\/pages"}],"about":[{"href":"https:\/\/cordobabiketours.com\/es\/wp-json\/wp\/v2\/types\/page"}],"author":[{"embeddable":true,"href":"https:\/\/cordobabiketours.com\/es\/wp-json\/wp\/v2\/users\/1"}],"replies":[{"embeddable":true,"href":"https:\/\/cordobabiketours.com\/es\/wp-json\/wp\/v2\/comments?post=319"}],"version-history":[{"count":5,"href":"https:\/\/cordobabiketours.com\/es\/wp-json\/wp\/v2\/pages\/319\/revisions"}],"predecessor-version":[{"id":826,"href":"https:\/\/cordobabiketours.com\/es\/wp-json\/wp\/v2\/pages\/319\/revisions\/826"}],"wp:attachment":[{"href":"https:\/\/cordobabiketours.com\/es\/wp-json\/wp\/v2\/media?parent=319"}],"curies":[{"name":"wp","href":"https:\/\/api.w.org\/{rel}","templated":true}]}}