{"id":322,"date":"2017-10-13T18:37:20","date_gmt":"2017-10-13T18:37:20","guid":{"rendered":"http:\/\/cordobabiketours.com\/?page_id=322"},"modified":"2021-09-10T15:32:13","modified_gmt":"2021-09-10T15:32:13","slug":"about-us","status":"publish","type":"page","link":"https:\/\/cordobabiketours.com\/es\/about-us\/","title":{"rendered":"QUI\u00c9NES SOMOS"},"content":{"rendered":"<p><img loading=\"lazy\" decoding=\"async\" class=\"size-large wp-image-219 aligncenter\" src=\"http:\/\/cordobabiketours.com\/wp-content\/uploads\/2017\/08\/guia-1024x432.jpg\" alt=\"\" width=\"640\" height=\"270\" \/><\/p>\n<h2>Acerca de Cordoba Bike Tours<\/h2>\n<p>Cordoba Bike Tours es una empresa que se materializ\u00f3 con la idea de ofrecer excursiones personalizadas, en entornos naturales y promoviendo el desarrollo de una participaci\u00f3n activa de los pasajeros, quienes tienen la posibilidad de recorrer por sus propios medios y as\u00ed entrar en contacto directo con el entorno natural y al mismo tiempo con su propio cuerpo a trav\u00e9s de una actividad f\u00edsica. A su vez, Cordoba Bike Tours busca transmitir los valores hist\u00f3ricos, culturales y naturales de la regi\u00f3n, para as\u00ed mejorar la interpretaci\u00f3n de los recursos.<\/p>\n<p>En nuestras excursiones brindamos un servicio integral, donde todo lo necesario para disfrutar de la actividad se encuentre incluido (traslado, bicicletas, comidas, seguros, elementos de seguridad, etc.)<\/p>\n<h2>Perfil de Guia<\/h2>\n<p>Mi nombre es Juan Patricio Bianchi soy entusiasta del cicloturismo, soy el director de C\u00f3rdoba Bike Tours y el principal gu\u00eda de nuestras excursiones. Desde hace m\u00e1s de 10 a\u00f1os recorro las sierras de c\u00f3rdoba a bordo de mi bicicleta y es mi deseo poder transmitir esta fant\u00e1stica experiencia sobre ruedas.<\/p>\n<p>La motivaci\u00f3n que me impulsa en \u00e9ste proyecto tiene que ver con la posibilidad de brindar un buen servicio a trav\u00e9s de una propuesta que conjuga la actividad f\u00edsica, la naturaleza, y la apreciaci\u00f3n de los recursos naturales y culturales de nuestra provincia.<\/p>\n<p>Complementando la formaci\u00f3n profesional que otorga la carrera de Gu\u00eda de Turismo, en el a\u00f1o 2016 realic\u00e9 los cursos:<\/p>\n<ul>\n<li>CBC Competencias B\u00e1sicas Comunes para prestadores de turismo activo.<\/li>\n<li>Curso de primeros auxilios y RCP<\/li>\n<li>Curso de formaci\u00f3n especializada para Gu\u00edas de Cicloturismo. Realizado por AAETAV, en la localidad de Bariloche.<\/li>\n<li>Curso WFR para socorristas en entornos rurales, naturales y agrestes, con validaci\u00f3n internacional realizado por AAETAV en la ciudad de Salta.<\/li>\n<\/ul>\n<p><\/p>","protected":false},"excerpt":{"rendered":"<p>Acerca de Cordoba Bike Tours Cordoba Bike Tours es una empresa que se materializ\u00f3 con la idea de ofrecer excursiones personalizadas, en entornos naturales y promoviendo el desarrollo de una participaci\u00f3n activa de los pasajeros, quienes tienen la posibilidad de recorrer por sus propios medios y as\u00ed entrar en contacto directo con el entorno natural [&hellip;]<\/p>\n","protected":false},"author":1,"featured_media":0,"parent":0,"menu_order":0,"comment_status":"closed","ping_status":"closed","template":"","meta":{"footnotes":""},"class_list":["post-322","page","type-page","status-publish","hentry"],"yoast_head":"<!-- This site is optimized with the Yoast SEO plugin v16.8 - https:\/\/yoast.com\/wordpress\/plugins\/seo\/ -->\n<title>QUI\u00c9NES SOMOS - Cordoba Bike Tours<\/title>\n<meta name=\"robots\" content=\"index, follow, max-snippet:-1, max-image-preview:large, max-video-preview:-1\" \/>\n<link rel=\"canonical\" href=\"https:\/\/cordobabiketours.com\/es\/about-us\/\" \/>\n<meta property=\"og:locale\" content=\"es_ES\" \/>\n<meta property=\"og:type\" content=\"article\" \/>\n<meta property=\"og:title\" content=\"[:en]ABOUT US[:es]QUI\u00c9NES SOMOS[:] - Cordoba Bike Tours\" \/>\n<meta property=\"og:description\" content=\"Acerca de Cordoba Bike Tours Cordoba Bike Tours es una empresa que se materializ\u00f3 con la idea de ofrecer excursiones personalizadas, en entornos naturales y promoviendo el desarrollo de una participaci\u00f3n activa de los pasajeros, quienes tienen la posibilidad de recorrer por sus propios medios y as\u00ed entrar en contacto directo con el entorno natural [&hellip;]\" \/>\n<meta property=\"og:url\" content=\"https:\/\/cordobabiketours.com\/es\/about-us\/\" \/>\n<meta property=\"og:site_name\" content=\"Cordoba Bike Tours\" \/>\n<meta property=\"article:modified_time\" content=\"2021-09-10T15:32:13+00:00\" \/>\n<meta property=\"og:image\" content=\"http:\/\/cordobabiketours.com\/wp-content\/uploads\/2017\/08\/guia-1024x432.jpg\" \/>\n<meta name=\"twitter:card\" content=\"summary_large_image\" \/>\n<meta name=\"twitter:label1\" content=\"Tiempo de lectura\" \/>\n\t<meta name=\"twitter:data1\" content=\"1 minuto\" \/>\n<script type=\"application\/ld+json\" class=\"yoast-schema-graph\">{\"@context\":\"https:\/\/schema.org\",\"@graph\":[{\"@type\":\"WebSite\",\"@id\":\"https:\/\/cordobabiketours.com\/es\/#website\",\"url\":\"https:\/\/cordobabiketours.com\/es\/\",\"name\":\"Cordoba Bike Tours\",\"description\":\"\",\"potentialAction\":[{\"@type\":\"SearchAction\",\"target\":{\"@type\":\"EntryPoint\",\"urlTemplate\":\"https:\/\/cordobabiketours.com\/es\/?s={search_term_string}\"},\"query-input\":\"required name=search_term_string\"}],\"inLanguage\":\"es\"},{\"@type\":\"ImageObject\",\"@id\":\"https:\/\/cordobabiketours.com\/es\/about-us\/#primaryimage\",\"inLanguage\":\"es\",\"url\":\"http:\/\/cordobabiketours.com\/wp-content\/uploads\/2017\/08\/guia-1024x432.jpg\",\"contentUrl\":\"http:\/\/cordobabiketours.com\/wp-content\/uploads\/2017\/08\/guia-1024x432.jpg\"},{\"@type\":\"WebPage\",\"@id\":\"https:\/\/cordobabiketours.com\/es\/about-us\/#webpage\",\"url\":\"https:\/\/cordobabiketours.com\/es\/about-us\/\",\"name\":\"[:en]ABOUT US[:es]QUI\\u00c9NES SOMOS[:] - Cordoba Bike Tours\",\"isPartOf\":{\"@id\":\"https:\/\/cordobabiketours.com\/es\/#website\"},\"primaryImageOfPage\":{\"@id\":\"https:\/\/cordobabiketours.com\/es\/about-us\/#primaryimage\"},\"datePublished\":\"2017-10-13T18:37:20+00:00\",\"dateModified\":\"2021-09-10T15:32:13+00:00\",\"breadcrumb\":{\"@id\":\"https:\/\/cordobabiketours.com\/es\/about-us\/#breadcrumb\"},\"inLanguage\":\"es\",\"potentialAction\":[{\"@type\":\"ReadAction\",\"target\":[\"https:\/\/cordobabiketours.com\/es\/about-us\/\"]}]},{\"@type\":\"BreadcrumbList\",\"@id\":\"https:\/\/cordobabiketours.com\/es\/about-us\/#breadcrumb\",\"itemListElement\":[{\"@type\":\"ListItem\",\"position\":1,\"name\":\"Home\",\"item\":\"https:\/\/cordobabiketours.com\/es\/\"},{\"@type\":\"ListItem\",\"position\":2,\"name\":\"QUI\\u00c9NES SOMOS\"}]}]}<\/script>\n<!-- \/ Yoast SEO plugin. -->","yoast_head_json":{"title":"[:en]ABOUT US[:es]QUI\u00c9NES SOMOS[:] - Cordoba Bike Tours","robots":{"index":"index","follow":"follow","max-snippet":"max-snippet:-1","max-image-preview":"max-image-preview:large","max-video-preview":"max-video-preview:-1"},"canonical":"https:\/\/cordobabiketours.com\/es\/about-us\/","og_locale":"es_ES","og_type":"article","og_title":"[:en]ABOUT US[:es]QUI\u00c9NES SOMOS[:] - Cordoba Bike Tours","og_description":"Acerca de Cordoba Bike Tours Cordoba Bike Tours es una empresa que se materializ\u00f3 con la idea de ofrecer excursiones personalizadas, en entornos naturales y promoviendo el desarrollo de una participaci\u00f3n activa de los pasajeros, quienes tienen la posibilidad de recorrer por sus propios medios y as\u00ed entrar en contacto directo con el entorno natural [&hellip;]","og_url":"https:\/\/cordobabiketours.com\/es\/about-us\/","og_site_name":"Cordoba Bike Tours","article_modified_time":"2021-09-10T15:32:13+00:00","og_image":[{"url":"http:\/\/cordobabiketours.com\/wp-content\/uploads\/2017\/08\/guia-1024x432.jpg"}],"twitter_card":"summary_large_image","twitter_misc":{"Tiempo de lectura":"1 minuto"},"schema":{"@context":"https:\/\/schema.org","@graph":[{"@type":"WebSite","@id":"https:\/\/cordobabiketours.com\/es\/#website","url":"https:\/\/cordobabiketours.com\/es\/","name":"Cordoba Bike Tours","description":"","potentialAction":[{"@type":"SearchAction","target":{"@type":"EntryPoint","urlTemplate":"https:\/\/cordobabiketours.com\/es\/?s={search_term_string}"},"query-input":"required name=search_term_string"}],"inLanguage":"es"},{"@type":"ImageObject","@id":"https:\/\/cordobabiketours.com\/es\/about-us\/#primaryimage","inLanguage":"es","url":"http:\/\/cordobabiketours.com\/wp-content\/uploads\/2017\/08\/guia-1024x432.jpg","contentUrl":"http:\/\/cordobabiketours.com\/wp-content\/uploads\/2017\/08\/guia-1024x432.jpg"},{"@type":"WebPage","@id":"https:\/\/cordobabiketours.com\/es\/about-us\/#webpage","url":"https:\/\/cordobabiketours.com\/es\/about-us\/","name":"[:en]ABOUT US[:es]QUI\u00c9NES SOMOS[:] - Cordoba Bike Tours","isPartOf":{"@id":"https:\/\/cordobabiketours.com\/es\/#website"},"primaryImageOfPage":{"@id":"https:\/\/cordobabiketours.com\/es\/about-us\/#primaryimage"},"datePublished":"2017-10-13T18:37:20+00:00","dateModified":"2021-09-10T15:32:13+00:00","breadcrumb":{"@id":"https:\/\/cordobabiketours.com\/es\/about-us\/#breadcrumb"},"inLanguage":"es","potentialAction":[{"@type":"ReadAction","target":["https:\/\/cordobabiketours.com\/es\/about-us\/"]}]},{"@type":"BreadcrumbList","@id":"https:\/\/cordobabiketours.com\/es\/about-us\/#breadcrumb","itemListElement":[{"@type":"ListItem","position":1,"name":"Home","item":"https:\/\/cordobabiketours.com\/es\/"},{"@type":"ListItem","position":2,"name":"QUI\u00c9NES SOMOS"}]}]}},"_links":{"self":[{"href":"https:\/\/cordobabiketours.com\/es\/wp-json\/wp\/v2\/pages\/322"}],"collection":[{"href":"https:\/\/cordobabiketours.com\/es\/wp-json\/wp\/v2\/pages"}],"about":[{"href":"https:\/\/cordobabiketours.com\/es\/wp-json\/wp\/v2\/types\/page"}],"author":[{"embeddable":true,"href":"https:\/\/cordobabiketours.com\/es\/wp-json\/wp\/v2\/users\/1"}],"replies":[{"embeddable":true,"href":"https:\/\/cordobabiketours.com\/es\/wp-json\/wp\/v2\/comments?post=322"}],"version-history":[{"count":5,"href":"https:\/\/cordobabiketours.com\/es\/wp-json\/wp\/v2\/pages\/322\/revisions"}],"predecessor-version":[{"id":827,"href":"https:\/\/cordobabiketours.com\/es\/wp-json\/wp\/v2\/pages\/322\/revisions\/827"}],"wp:attachment":[{"href":"https:\/\/cordobabiketours.com\/es\/wp-json\/wp\/v2\/media?parent=322"}],"curies":[{"name":"wp","href":"https:\/\/api.w.org\/{rel}","templated":true}]}}