{"id":642,"date":"2018-01-17T15:20:21","date_gmt":"2018-01-17T15:20:21","guid":{"rendered":"http:\/\/cordobabiketours.com\/?page_id=642"},"modified":"2018-04-04T13:35:15","modified_gmt":"2018-04-04T13:35:15","slug":"about-cordoba","status":"publish","type":"page","link":"https:\/\/cordobabiketours.com\/es\/about-cordoba\/","title":{"rendered":"Las Sierras de C\u00f3rdoba"},"content":{"rendered":"<p><img decoding=\"async\" class=\"aligncenter size-large wp-image-648\" src=\"http:\/\/cordobabiketours.com\/wp-content\/uploads\/2018\/01\/riopinto-cordoba-bike-tours-1024x573.jpg\" alt=\"\" width=\"100%\" height=\"auto\" srcset=\"https:\/\/cordobabiketours.com\/wp-content\/uploads\/2018\/01\/riopinto-cordoba-bike-tours-1024x573.jpg 1024w, https:\/\/cordobabiketours.com\/wp-content\/uploads\/2018\/01\/riopinto-cordoba-bike-tours-300x168.jpg 300w, https:\/\/cordobabiketours.com\/wp-content\/uploads\/2018\/01\/riopinto-cordoba-bike-tours-768x430.jpg 768w, https:\/\/cordobabiketours.com\/wp-content\/uploads\/2018\/01\/riopinto-cordoba-bike-tours.jpg 1366w\" sizes=\"(max-width: 1024px) 100vw, 1024px\" \/><br \/>\nRodeando la ciudad de C\u00f3rdoba, la naturaleza se combina con aventura en las Sierras, donde caminos y senderos rurales de monta\u00f1a esperan a ser descubiertos.<\/p>\n<p>Hacia el Oeste de la capital provincial, encontramos las \u00e1reas tur\u00edsticas de mayor importancia, conformadas por los tres cordones serranos principales: Sierras Chicas, Sierras Grandes y Sierras Occidentales. Las cuales ofrecen escenarios privilegiados para la pr\u00e1ctica del mountain bike, recorridos llenos de adrenalina y aventura.<\/p>\n<div id='gallery-4' class='gallery galleryid-642 gallery-columns-4 gallery-size-medium'><figure class='gallery-item'>\n\t\t\t<div class='gallery-icon landscape'>\n\t\t\t\t<a href='https:\/\/cordobabiketours.com\/wp-content\/uploads\/2018\/01\/ESTANCIsanta2.png' title=\"\" data-rl_title=\"\" class=\"rl-gallery-link\" data-rl_caption=\"\" data-rel=\"lightbox-gallery-4\"><img loading=\"lazy\" decoding=\"async\" width=\"300\" height=\"225\" src=\"https:\/\/cordobabiketours.com\/wp-content\/uploads\/2018\/01\/ESTANCIsanta2-300x225.png\" class=\"attachment-medium size-medium\" alt=\"\" srcset=\"https:\/\/cordobabiketours.com\/wp-content\/uploads\/2018\/01\/ESTANCIsanta2-300x225.png 300w, https:\/\/cordobabiketours.com\/wp-content\/uploads\/2018\/01\/ESTANCIsanta2-768x576.png 768w, https:\/\/cordobabiketours.com\/wp-content\/uploads\/2018\/01\/ESTANCIsanta2.png 1024w, https:\/\/cordobabiketours.com\/wp-content\/uploads\/2018\/01\/ESTANCIsanta2-415x310.png 415w\" sizes=\"(max-width: 300px) 100vw, 300px\" \/><\/a>\n\t\t\t<\/div><\/figure><figure class='gallery-item'>\n\t\t\t<div class='gallery-icon landscape'>\n\t\t\t\t<a href='https:\/\/cordobabiketours.com\/wp-content\/uploads\/2017\/12\/2.resized.jpg' title=\"\" data-rl_title=\"\" class=\"rl-gallery-link\" data-rl_caption=\"\" data-rel=\"lightbox-gallery-4\"><img loading=\"lazy\" decoding=\"async\" width=\"300\" height=\"225\" src=\"https:\/\/cordobabiketours.com\/wp-content\/uploads\/2017\/12\/2.resized-300x225.jpg\" class=\"attachment-medium size-medium\" alt=\"\" srcset=\"https:\/\/cordobabiketours.com\/wp-content\/uploads\/2017\/12\/2.resized-300x225.jpg 300w, https:\/\/cordobabiketours.com\/wp-content\/uploads\/2017\/12\/2.resized-415x310.jpg 415w, https:\/\/cordobabiketours.com\/wp-content\/uploads\/2017\/12\/2.resized.jpg 576w\" sizes=\"(max-width: 300px) 100vw, 300px\" \/><\/a>\n\t\t\t<\/div><\/figure><figure class='gallery-item'>\n\t\t\t<div class='gallery-icon landscape'>\n\t\t\t\t<a href='https:\/\/cordobabiketours.com\/wp-content\/uploads\/2018\/01\/caminocuchicorrral.png' title=\"\" data-rl_title=\"\" class=\"rl-gallery-link\" data-rl_caption=\"\" data-rel=\"lightbox-gallery-4\"><img loading=\"lazy\" decoding=\"async\" width=\"300\" height=\"225\" src=\"https:\/\/cordobabiketours.com\/wp-content\/uploads\/2018\/01\/caminocuchicorrral-300x225.png\" class=\"attachment-medium size-medium\" alt=\"\" srcset=\"https:\/\/cordobabiketours.com\/wp-content\/uploads\/2018\/01\/caminocuchicorrral-300x225.png 300w, https:\/\/cordobabiketours.com\/wp-content\/uploads\/2018\/01\/caminocuchicorrral-768x576.png 768w, https:\/\/cordobabiketours.com\/wp-content\/uploads\/2018\/01\/caminocuchicorrral.png 1024w, https:\/\/cordobabiketours.com\/wp-content\/uploads\/2018\/01\/caminocuchicorrral-415x310.png 415w\" sizes=\"(max-width: 300px) 100vw, 300px\" \/><\/a>\n\t\t\t<\/div><\/figure><figure class='gallery-item'>\n\t\t\t<div class='gallery-icon landscape'>\n\t\t\t\t<a href='https:\/\/cordobabiketours.com\/wp-content\/uploads\/2018\/01\/cascada.png' title=\"\" data-rl_title=\"\" class=\"rl-gallery-link\" data-rl_caption=\"\" data-rel=\"lightbox-gallery-4\"><img loading=\"lazy\" decoding=\"async\" width=\"300\" height=\"225\" src=\"https:\/\/cordobabiketours.com\/wp-content\/uploads\/2018\/01\/cascada-300x225.png\" class=\"attachment-medium size-medium\" alt=\"\" srcset=\"https:\/\/cordobabiketours.com\/wp-content\/uploads\/2018\/01\/cascada-300x225.png 300w, https:\/\/cordobabiketours.com\/wp-content\/uploads\/2018\/01\/cascada-768x575.png 768w, https:\/\/cordobabiketours.com\/wp-content\/uploads\/2018\/01\/cascada-1024x767.png 1024w, https:\/\/cordobabiketours.com\/wp-content\/uploads\/2018\/01\/cascada-415x310.png 415w, https:\/\/cordobabiketours.com\/wp-content\/uploads\/2018\/01\/cascada.png 1400w\" sizes=\"(max-width: 300px) 100vw, 300px\" \/><\/a>\n\t\t\t<\/div><\/figure>\n\t\t<\/div>\n\n<p>La regi\u00f3n\u00a0 tambi\u00e9n se destaca por su clima templado, las bondades para la salud del aire serrano y la alegr\u00eda de su gente. La estrat\u00e9gica posici\u00f3n geogr\u00e1fica, ocupando el centro del pa\u00eds le otorgaron el privilegio de ser un sector protagonista de los hechos mas importantes de la historia nacional. Donde podemos encontrar estancias rurales de m\u00e1s de 300 a\u00f1os de antig\u00fcedad y una red de caminos centenarios que comunicaban en \u00e9pocas coloniales con todos los rincones del pa\u00eds.<\/p>\n<p><img decoding=\"async\" class=\"aligncenter size-full wp-image-672\" src=\"http:\/\/cordobabiketours.com\/wp-content\/uploads\/2018\/01\/los-gigantes-cordoba.jpg\" alt=\"\" width=\"100%\" height=\"auto\" srcset=\"https:\/\/cordobabiketours.com\/wp-content\/uploads\/2018\/01\/los-gigantes-cordoba.jpg 980w, https:\/\/cordobabiketours.com\/wp-content\/uploads\/2018\/01\/los-gigantes-cordoba-300x169.jpg 300w, https:\/\/cordobabiketours.com\/wp-content\/uploads\/2018\/01\/los-gigantes-cordoba-768x432.jpg 768w\" sizes=\"(max-width: 980px) 100vw, 980px\" \/><\/p>\n<p>Las formidables sierras de C\u00f3rdoba, de origen anterior a la cordillera de los Andes, se fueron erosionando a lo largo de millones de a\u00f1os, creando paisajes de incre\u00edble belleza y uno de los mejores sitios para la pr\u00e1ctica del mountain bike a nivel nacional.<\/p>\n<p>Regi\u00f3n llena de vida y naturaleza, poblada de C\u00f3ndores y \u00c1guilas entre m\u00e1s de 300 species de aves, junto con zorros, pumas, guanacos, lagartijas, serpientes y una amplia gama de species vegetales aut\u00f3ctonas.<\/p>","protected":false},"excerpt":{"rendered":"<p>Rodeando la ciudad de C\u00f3rdoba, la naturaleza se combina con aventura en las Sierras, donde caminos y senderos rurales de monta\u00f1a esperan a ser descubiertos. Hacia el Oeste de la capital provincial, encontramos las \u00e1reas tur\u00edsticas de mayor importancia, conformadas por los tres cordones serranos principales: Sierras Chicas, Sierras Grandes y Sierras Occidentales. Las cuales [&hellip;]<\/p>\n","protected":false},"author":1,"featured_media":0,"parent":0,"menu_order":0,"comment_status":"closed","ping_status":"closed","template":"","meta":{"footnotes":""},"class_list":["post-642","page","type-page","status-publish","hentry"],"yoast_head":"<!-- This site is optimized with the Yoast SEO plugin v16.8 - https:\/\/yoast.com\/wordpress\/plugins\/seo\/ -->\n<title>Las Sierras de C\u00f3rdoba - Cordoba Bike Tours<\/title>\n<meta name=\"robots\" content=\"index, follow, max-snippet:-1, max-image-preview:large, max-video-preview:-1\" \/>\n<link rel=\"canonical\" href=\"https:\/\/cordobabiketours.com\/es\/about-cordoba\/\" \/>\n<meta property=\"og:locale\" content=\"es_ES\" \/>\n<meta property=\"og:type\" content=\"article\" \/>\n<meta property=\"og:title\" content=\"[:en]About C\u00f3rdoba Hills[:es]Las Sierras de C\u00f3rdoba[:] - Cordoba Bike Tours\" \/>\n<meta property=\"og:description\" content=\"Rodeando la ciudad de C\u00f3rdoba, la naturaleza se combina con aventura en las Sierras, donde caminos y senderos rurales de monta\u00f1a esperan a ser descubiertos. Hacia el Oeste de la capital provincial, encontramos las \u00e1reas tur\u00edsticas de mayor importancia, conformadas por los tres cordones serranos principales: Sierras Chicas, Sierras Grandes y Sierras Occidentales. Las cuales [&hellip;]\" \/>\n<meta property=\"og:url\" content=\"https:\/\/cordobabiketours.com\/es\/about-cordoba\/\" \/>\n<meta property=\"og:site_name\" content=\"Cordoba Bike Tours\" \/>\n<meta property=\"article:modified_time\" content=\"2018-04-04T13:35:15+00:00\" \/>\n<meta property=\"og:image\" content=\"https:\/\/cordobabiketours.com\/wp-content\/uploads\/2018\/01\/ESTANCIsanta2-300x225.png\" \/>\n<meta name=\"twitter:card\" content=\"summary_large_image\" \/>\n<meta name=\"twitter:label1\" content=\"Tiempo de lectura\" \/>\n\t<meta name=\"twitter:data1\" content=\"2 minutos\" \/>\n<script type=\"application\/ld+json\" class=\"yoast-schema-graph\">{\"@context\":\"https:\/\/schema.org\",\"@graph\":[{\"@type\":\"WebSite\",\"@id\":\"https:\/\/cordobabiketours.com\/es\/#website\",\"url\":\"https:\/\/cordobabiketours.com\/es\/\",\"name\":\"Cordoba Bike Tours\",\"description\":\"\",\"potentialAction\":[{\"@type\":\"SearchAction\",\"target\":{\"@type\":\"EntryPoint\",\"urlTemplate\":\"https:\/\/cordobabiketours.com\/es\/?s={search_term_string}\"},\"query-input\":\"required name=search_term_string\"}],\"inLanguage\":\"es\"},{\"@type\":\"ImageObject\",\"@id\":\"https:\/\/cordobabiketours.com\/es\/about-cordoba\/#primaryimage\",\"inLanguage\":\"es\",\"url\":\"http:\/\/cordobabiketours.com\/wp-content\/uploads\/2018\/01\/riopinto-cordoba-bike-tours-1024x573.jpg\",\"contentUrl\":\"http:\/\/cordobabiketours.com\/wp-content\/uploads\/2018\/01\/riopinto-cordoba-bike-tours-1024x573.jpg\"},{\"@type\":\"WebPage\",\"@id\":\"https:\/\/cordobabiketours.com\/es\/about-cordoba\/#webpage\",\"url\":\"https:\/\/cordobabiketours.com\/es\/about-cordoba\/\",\"name\":\"[:en]About C\\u00f3rdoba Hills[:es]Las Sierras de C\\u00f3rdoba[:] - Cordoba Bike Tours\",\"isPartOf\":{\"@id\":\"https:\/\/cordobabiketours.com\/es\/#website\"},\"primaryImageOfPage\":{\"@id\":\"https:\/\/cordobabiketours.com\/es\/about-cordoba\/#primaryimage\"},\"datePublished\":\"2018-01-17T15:20:21+00:00\",\"dateModified\":\"2018-04-04T13:35:15+00:00\",\"breadcrumb\":{\"@id\":\"https:\/\/cordobabiketours.com\/es\/about-cordoba\/#breadcrumb\"},\"inLanguage\":\"es\",\"potentialAction\":[{\"@type\":\"ReadAction\",\"target\":[\"https:\/\/cordobabiketours.com\/es\/about-cordoba\/\"]}]},{\"@type\":\"BreadcrumbList\",\"@id\":\"https:\/\/cordobabiketours.com\/es\/about-cordoba\/#breadcrumb\",\"itemListElement\":[{\"@type\":\"ListItem\",\"position\":1,\"name\":\"Home\",\"item\":\"https:\/\/cordobabiketours.com\/es\/\"},{\"@type\":\"ListItem\",\"position\":2,\"name\":\"Las Sierras de C\\u00f3rdoba\"}]}]}<\/script>\n<!-- \/ Yoast SEO plugin. -->","yoast_head_json":{"title":"[:en]About C\u00f3rdoba Hills[:es]Las Sierras de C\u00f3rdoba[:] - Cordoba Bike Tours","robots":{"index":"index","follow":"follow","max-snippet":"max-snippet:-1","max-image-preview":"max-image-preview:large","max-video-preview":"max-video-preview:-1"},"canonical":"https:\/\/cordobabiketours.com\/es\/about-cordoba\/","og_locale":"es_ES","og_type":"article","og_title":"[:en]About C\u00f3rdoba Hills[:es]Las Sierras de C\u00f3rdoba[:] - Cordoba Bike Tours","og_description":"Rodeando la ciudad de C\u00f3rdoba, la naturaleza se combina con aventura en las Sierras, donde caminos y senderos rurales de monta\u00f1a esperan a ser descubiertos. Hacia el Oeste de la capital provincial, encontramos las \u00e1reas tur\u00edsticas de mayor importancia, conformadas por los tres cordones serranos principales: Sierras Chicas, Sierras Grandes y Sierras Occidentales. Las cuales [&hellip;]","og_url":"https:\/\/cordobabiketours.com\/es\/about-cordoba\/","og_site_name":"Cordoba Bike Tours","article_modified_time":"2018-04-04T13:35:15+00:00","og_image":[{"url":"https:\/\/cordobabiketours.com\/wp-content\/uploads\/2018\/01\/ESTANCIsanta2-300x225.png"}],"twitter_card":"summary_large_image","twitter_misc":{"Tiempo de lectura":"2 minutos"},"schema":{"@context":"https:\/\/schema.org","@graph":[{"@type":"WebSite","@id":"https:\/\/cordobabiketours.com\/es\/#website","url":"https:\/\/cordobabiketours.com\/es\/","name":"Cordoba Bike Tours","description":"","potentialAction":[{"@type":"SearchAction","target":{"@type":"EntryPoint","urlTemplate":"https:\/\/cordobabiketours.com\/es\/?s={search_term_string}"},"query-input":"required name=search_term_string"}],"inLanguage":"es"},{"@type":"ImageObject","@id":"https:\/\/cordobabiketours.com\/es\/about-cordoba\/#primaryimage","inLanguage":"es","url":"http:\/\/cordobabiketours.com\/wp-content\/uploads\/2018\/01\/riopinto-cordoba-bike-tours-1024x573.jpg","contentUrl":"http:\/\/cordobabiketours.com\/wp-content\/uploads\/2018\/01\/riopinto-cordoba-bike-tours-1024x573.jpg"},{"@type":"WebPage","@id":"https:\/\/cordobabiketours.com\/es\/about-cordoba\/#webpage","url":"https:\/\/cordobabiketours.com\/es\/about-cordoba\/","name":"[:en]About C\u00f3rdoba Hills[:es]Las Sierras de C\u00f3rdoba[:] - Cordoba Bike Tours","isPartOf":{"@id":"https:\/\/cordobabiketours.com\/es\/#website"},"primaryImageOfPage":{"@id":"https:\/\/cordobabiketours.com\/es\/about-cordoba\/#primaryimage"},"datePublished":"2018-01-17T15:20:21+00:00","dateModified":"2018-04-04T13:35:15+00:00","breadcrumb":{"@id":"https:\/\/cordobabiketours.com\/es\/about-cordoba\/#breadcrumb"},"inLanguage":"es","potentialAction":[{"@type":"ReadAction","target":["https:\/\/cordobabiketours.com\/es\/about-cordoba\/"]}]},{"@type":"BreadcrumbList","@id":"https:\/\/cordobabiketours.com\/es\/about-cordoba\/#breadcrumb","itemListElement":[{"@type":"ListItem","position":1,"name":"Home","item":"https:\/\/cordobabiketours.com\/es\/"},{"@type":"ListItem","position":2,"name":"Las Sierras de C\u00f3rdoba"}]}]}},"_links":{"self":[{"href":"https:\/\/cordobabiketours.com\/es\/wp-json\/wp\/v2\/pages\/642"}],"collection":[{"href":"https:\/\/cordobabiketours.com\/es\/wp-json\/wp\/v2\/pages"}],"about":[{"href":"https:\/\/cordobabiketours.com\/es\/wp-json\/wp\/v2\/types\/page"}],"author":[{"embeddable":true,"href":"https:\/\/cordobabiketours.com\/es\/wp-json\/wp\/v2\/users\/1"}],"replies":[{"embeddable":true,"href":"https:\/\/cordobabiketours.com\/es\/wp-json\/wp\/v2\/comments?post=642"}],"version-history":[{"count":5,"href":"https:\/\/cordobabiketours.com\/es\/wp-json\/wp\/v2\/pages\/642\/revisions"}],"predecessor-version":[{"id":693,"href":"https:\/\/cordobabiketours.com\/es\/wp-json\/wp\/v2\/pages\/642\/revisions\/693"}],"wp:attachment":[{"href":"https:\/\/cordobabiketours.com\/es\/wp-json\/wp\/v2\/media?parent=642"}],"curies":[{"name":"wp","href":"https:\/\/api.w.org\/{rel}","templated":true}]}}